{"id":558,"date":"2020-01-23T19:38:06","date_gmt":"2020-01-23T19:38:06","guid":{"rendered":"https:\/\/kmetija-samec.si\/?page_id=558"},"modified":"2024-12-16T15:32:00","modified_gmt":"2024-12-16T15:32:00","slug":"gnezdece","status":"publish","type":"page","link":"https:\/\/kmetija-samec.si\/en\/gnezdece\/","title":{"rendered":"Gnezdece"},"content":{"rendered":"<div data-elementor-type=\"wp-page\" data-elementor-id=\"558\" class=\"elementor elementor-558\" data-elementor-settings=\"[]\">\n\t\t\t<div class=\"elementor-inner\">\n\t\t\t\t<div class=\"elementor-section-wrap\">\n\t\t\t\t\t\t\t<section class=\"elementor-element elementor-element-672b325 elementor-section-boxed elementor-section-height-default elementor-section-height-default elementor-section elementor-top-section\" data-id=\"672b325\" data-element_type=\"section\">\n\t\t\t\t\t\t<div class=\"elementor-container elementor-column-gap-default\">\n\t\t\t\t<div class=\"elementor-row\">\n\t\t\t\t<div class=\"elementor-element elementor-element-466ca61b elementor-column elementor-col-100 elementor-top-column\" data-id=\"466ca61b\" data-element_type=\"column\">\n\t\t\t<div class=\"elementor-column-wrap  elementor-element-populated\">\n\t\t\t\t\t<div class=\"elementor-widget-wrap\">\n\t\t\t\t<div class=\"elementor-element elementor-element-7a185706 elementor-widget elementor-widget-spacer\" data-id=\"7a185706\" data-element_type=\"widget\" data-widget_type=\"spacer.default\">\n\t\t\t\t<div class=\"elementor-widget-container\">\n\t\t\t\t\t<div class=\"elementor-spacer\">\n\t\t\t<div class=\"elementor-spacer-inner\"><\/div>\n\t\t<\/div>\n\t\t\t\t<\/div>\n\t\t\t\t<\/div>\n\t\t\t\t<div class=\"elementor-element elementor-element-4fca6f63 elementor-widget elementor-widget-heading\" data-id=\"4fca6f63\" data-element_type=\"widget\" data-widget_type=\"heading.default\">\n\t\t\t\t<div class=\"elementor-widget-container\">\n\t\t\t<h2 class=\"elementor-heading-title elementor-size-default\">Gnezdece<\/h2>\t\t<\/div>\n\t\t\t\t<\/div>\n\t\t\t\t\t\t<\/div>\n\t\t\t<\/div>\n\t\t<\/div>\n\t\t\t\t\t\t<\/div>\n\t\t\t<\/div>\n\t\t<\/section>\n\t\t\t\t<section class=\"elementor-element elementor-element-3176b9e8 elementor-section-boxed elementor-section-height-default elementor-section-height-default elementor-section elementor-top-section\" data-id=\"3176b9e8\" data-element_type=\"section\">\n\t\t\t\t\t\t<div class=\"elementor-container elementor-column-gap-default\">\n\t\t\t\t<div class=\"elementor-row\">\n\t\t\t\t<div class=\"elementor-element elementor-element-3469086b elementor-column elementor-col-100 elementor-top-column\" data-id=\"3469086b\" data-element_type=\"column\">\n\t\t\t<div class=\"elementor-column-wrap  elementor-element-populated\">\n\t\t\t\t\t<div class=\"elementor-widget-wrap\">\n\t\t\t\t<section class=\"elementor-element elementor-element-18be8894 elementor-section-boxed elementor-section-height-default elementor-section-height-default elementor-section elementor-inner-section\" data-id=\"18be8894\" data-element_type=\"section\">\n\t\t\t\t\t\t<div class=\"elementor-container elementor-column-gap-default\">\n\t\t\t\t<div class=\"elementor-row\">\n\t\t\t\t<div class=\"elementor-element elementor-element-24bee5c4 elementor-column elementor-col-50 elementor-inner-column\" data-id=\"24bee5c4\" data-element_type=\"column\">\n\t\t\t<div class=\"elementor-column-wrap  elementor-element-populated\">\n\t\t\t\t\t<div class=\"elementor-widget-wrap\">\n\t\t\t\t<div class=\"elementor-element elementor-element-30ecbe3f elementor-arrows-position-inside elementor-widget elementor-widget-image-carousel\" data-id=\"30ecbe3f\" data-element_type=\"widget\" data-settings=\"{&quot;slides_to_show&quot;:&quot;1&quot;,&quot;navigation&quot;:&quot;arrows&quot;,&quot;autoplay&quot;:&quot;yes&quot;,&quot;pause_on_hover&quot;:&quot;yes&quot;,&quot;pause_on_interaction&quot;:&quot;yes&quot;,&quot;autoplay_speed&quot;:5000,&quot;infinite&quot;:&quot;yes&quot;,&quot;effect&quot;:&quot;slide&quot;,&quot;speed&quot;:500,&quot;direction&quot;:&quot;ltr&quot;}\" data-widget_type=\"image-carousel.default\">\n\t\t\t\t<div class=\"elementor-widget-container\">\n\t\t\t\t\t<div class=\"elementor-image-carousel-wrapper swiper-container\" dir=\"ltr\">\n\t\t\t<div class=\"elementor-image-carousel swiper-wrapper\">\n\t\t\t\t<div class=\"swiper-slide\"><figure class=\"swiper-slide-inner\"><img decoding=\"async\" class=\"swiper-slide-image\" src=\"https:\/\/kmetija-samec.si\/wp-content\/uploads\/2020\/01\/80552720_2535150343470185_1138083702564192256_n.jpg\" alt=\"80552720_2535150343470185_1138083702564192256_n\" \/><\/figure><\/div><div class=\"swiper-slide\"><figure class=\"swiper-slide-inner\"><img decoding=\"async\" class=\"swiper-slide-image\" src=\"https:\/\/kmetija-samec.si\/wp-content\/uploads\/2020\/01\/79850678_2313728195601095_289985119400230912_n.jpg\" alt=\"79850678_2313728195601095_289985119400230912_n\" \/><\/figure><\/div><div class=\"swiper-slide\"><figure class=\"swiper-slide-inner\"><img decoding=\"async\" class=\"swiper-slide-image\" src=\"https:\/\/kmetija-samec.si\/wp-content\/uploads\/2020\/01\/AND_0825-scaled.jpg\" alt=\"AND_0825\" \/><\/figure><\/div><div class=\"swiper-slide\"><figure class=\"swiper-slide-inner\"><img decoding=\"async\" class=\"swiper-slide-image\" src=\"https:\/\/kmetija-samec.si\/wp-content\/uploads\/2020\/01\/AND_0827-scaled.jpg\" alt=\"AND_0827\" \/><\/figure><\/div><div class=\"swiper-slide\"><figure class=\"swiper-slide-inner\"><img decoding=\"async\" class=\"swiper-slide-image\" src=\"https:\/\/kmetija-samec.si\/wp-content\/uploads\/2020\/01\/AND_0831-scaled.jpg\" alt=\"AND_0831\" \/><\/figure><\/div><div class=\"swiper-slide\"><figure class=\"swiper-slide-inner\"><img decoding=\"async\" class=\"swiper-slide-image\" src=\"https:\/\/kmetija-samec.si\/wp-content\/uploads\/2020\/01\/AND_0832-scaled.jpg\" alt=\"AND_0832\" \/><\/figure><\/div>\t\t\t<\/div>\n\t\t\t\t\t\t\t\t\t\t\t\t\t\t\t\t<div class=\"elementor-swiper-button elementor-swiper-button-prev\">\n\t\t\t\t\t\t<i class=\"eicon-chevron-left\" aria-hidden=\"true\"><\/i>\n\t\t\t\t\t\t<span class=\"elementor-screen-only\">Previous<\/span>\n\t\t\t\t\t<\/div>\n\t\t\t\t\t<div class=\"elementor-swiper-button elementor-swiper-button-next\">\n\t\t\t\t\t\t<i class=\"eicon-chevron-right\" aria-hidden=\"true\"><\/i>\n\t\t\t\t\t\t<span class=\"elementor-screen-only\">Next<\/span>\n\t\t\t\t\t<\/div>\n\t\t\t\t\t\t\t\t\t<\/div>\n\t\t\t\t<\/div>\n\t\t\t\t<\/div>\n\t\t\t\t\t\t<\/div>\n\t\t\t<\/div>\n\t\t<\/div>\n\t\t\t\t<div class=\"elementor-element elementor-element-349c2145 elementor-column elementor-col-50 elementor-inner-column\" data-id=\"349c2145\" data-element_type=\"column\" data-settings=\"{&quot;background_background&quot;:&quot;classic&quot;}\">\n\t\t\t<div class=\"elementor-column-wrap  elementor-element-populated\">\n\t\t\t\t\t<div class=\"elementor-widget-wrap\">\n\t\t\t\t<div class=\"elementor-element elementor-element-6ca47551 elementor-widget elementor-widget-heading\" data-id=\"6ca47551\" data-element_type=\"widget\" data-widget_type=\"heading.default\">\n\t\t\t\t<div class=\"elementor-widget-container\">\n\t\t\t<h3 class=\"elementor-heading-title elementor-size-default\">PRICE LIST<\/h3>\t\t<\/div>\n\t\t\t\t<\/div>\n\t\t\t\t<div class=\"elementor-element elementor-element-1acd8c1a elementor-widget elementor-widget-text-editor\" data-id=\"1acd8c1a\" data-element_type=\"widget\" data-widget_type=\"text-editor.default\">\n\t\t\t\t<div class=\"elementor-widget-container\">\n\t\t\t\t\t<div class=\"elementor-text-editor elementor-clearfix\"><ul><li>PER NIGHT FOR ONE OR TWO PERSONS: <strong>80 \u20ac<\/strong><\/li><li>ONE NIGHT ONLY: <strong>100<\/strong><b>\u00a0\u20ac<\/b><\/li><li>PETS: <strong>10 \u20ac<\/strong><\/li><li>A TOURIST TAX: <strong>1,50 \u20ac<\/strong><\/li><li>2 HOUR SAUNA FOR ONE OR TWO PERSONS:\u00a0 \u00a0<strong>40<\/strong><b>\u00a0\u20ac<\/b><\/li><\/ul><\/div>\n\t\t\t\t<\/div>\n\t\t\t\t<\/div>\n\t\t\t\t<div class=\"elementor-element elementor-element-1e1d958 elementor-widget elementor-widget-text-editor\" data-id=\"1e1d958\" data-element_type=\"widget\" data-widget_type=\"text-editor.default\">\n\t\t\t\t<div class=\"elementor-widget-container\">\n\t\t\t\t\t<div class=\"elementor-text-editor elementor-clearfix\"><p><em>V ceni najema so posteljnina, brisa\u010de, kuhinjske krpe, \u010distilo, internet, su\u0161ilec za lase in kon\u010dno \u010di\u0161\u010denje.<\/em><\/p><\/div>\n\t\t\t\t<\/div>\n\t\t\t\t<\/div>\n\t\t\t\t\t\t<\/div>\n\t\t\t<\/div>\n\t\t<\/div>\n\t\t\t\t\t\t<\/div>\n\t\t\t<\/div>\n\t\t<\/section>\n\t\t\t\t<section class=\"elementor-element elementor-element-35583c6 elementor-section-boxed elementor-section-height-default elementor-section-height-default elementor-section elementor-inner-section\" data-id=\"35583c6\" data-element_type=\"section\">\n\t\t\t\t\t\t<div class=\"elementor-container elementor-column-gap-default\">\n\t\t\t\t<div class=\"elementor-row\">\n\t\t\t\t<div class=\"elementor-element elementor-element-1903af44 elementor-column elementor-col-100 elementor-inner-column\" data-id=\"1903af44\" data-element_type=\"column\" data-settings=\"{&quot;background_background&quot;:&quot;classic&quot;}\">\n\t\t\t<div class=\"elementor-column-wrap  elementor-element-populated\">\n\t\t\t\t\t<div class=\"elementor-widget-wrap\">\n\t\t\t\t<div class=\"elementor-element elementor-element-2d6c5421 elementor-widget elementor-widget-heading\" data-id=\"2d6c5421\" data-element_type=\"widget\" data-widget_type=\"heading.default\">\n\t\t\t\t<div class=\"elementor-widget-container\">\n\t\t\t<h3 class=\"elementor-heading-title elementor-size-default\">DESCRIPTION<\/h3>\t\t<\/div>\n\t\t\t\t<\/div>\n\t\t\t\t<div class=\"elementor-element elementor-element-69e255c7 elementor-widget elementor-widget-text-editor\" data-id=\"69e255c7\" data-element_type=\"widget\" data-widget_type=\"text-editor.default\">\n\t\t\t\t<div class=\"elementor-widget-container\">\n\t\t\t\t\t<div class=\"elementor-text-editor elementor-clearfix\"><p>Want to spend the night at a treehouse with your sweetheart? However small it may\nappear at first glance, our comfy love nest has every commodity of a modern\napartment to rekindle the spark between you two. Have a truly romantic evening by\nthe fireplace and experience the magic of living in a treetop, far away from the chaos\nof everyday life, and let your own private Viking Pool by the house be your office. <strong><\/strong> <strong><\/strong> <strong><\/strong> in nau\u017eijte si \u010darobnosti v kro\u0161nji drevesa, dale\u010d stran od stresa in hrupa vsakdanjega \u017eivljenja.<\/p><\/div>\n\t\t\t\t<\/div>\n\t\t\t\t<\/div>\n\t\t\t\t\t\t<\/div>\n\t\t\t<\/div>\n\t\t<\/div>\n\t\t\t\t\t\t<\/div>\n\t\t\t<\/div>\n\t\t<\/section>\n\t\t\t\t\t\t<\/div>\n\t\t\t<\/div>\n\t\t<\/div>\n\t\t\t\t\t\t<\/div>\n\t\t\t<\/div>\n\t\t<\/section>\n\t\t\t\t<section class=\"elementor-element elementor-element-1b09c915 elementor-section-boxed elementor-section-height-default elementor-section-height-default elementor-section elementor-top-section\" data-id=\"1b09c915\" data-element_type=\"section\">\n\t\t\t\t\t\t<div class=\"elementor-container elementor-column-gap-default\">\n\t\t\t\t<div class=\"elementor-row\">\n\t\t\t\t<div class=\"elementor-element elementor-element-26a33fb6 elementor-column elementor-col-100 elementor-top-column\" data-id=\"26a33fb6\" data-element_type=\"column\">\n\t\t\t<div class=\"elementor-column-wrap  elementor-element-populated\">\n\t\t\t\t\t<div class=\"elementor-widget-wrap\">\n\t\t\t\t<div class=\"elementor-element elementor-element-350f5fcb elementor-widget elementor-widget-spacer\" data-id=\"350f5fcb\" data-element_type=\"widget\" data-widget_type=\"spacer.default\">\n\t\t\t\t<div class=\"elementor-widget-container\">\n\t\t\t\t\t<div class=\"elementor-spacer\">\n\t\t\t<div class=\"elementor-spacer-inner\"><\/div>\n\t\t<\/div>\n\t\t\t\t<\/div>\n\t\t\t\t<\/div>\n\t\t\t\t\t\t<\/div>\n\t\t\t<\/div>\n\t\t<\/div>\n\t\t\t\t\t\t<\/div>\n\t\t\t<\/div>\n\t\t<\/section>\n\t\t\t\t\t\t<\/div>\n\t\t\t<\/div>\n\t\t<\/div>","protected":false},"excerpt":{"rendered":"<p>Gnezdece Previous Next CENIK ENA NO\u010cITEV ZA ENO ALI DVE OSEBI: 80 \u20ac NAJEM SAMO ZA ENO NO\u010cITEV: 100\u00a0\u20ac HI\u0160NI LJUBLJEN\u010cKI: 10 \u20ac TURISTI\u010cNA TAKSA: 1,50 \u20ac 2 URI SAVNE ZA ENO ALI DVE OSEBI:\u00a0 \u00a040\u00a0\u20ac V ceni najema so posteljnina, brisa\u010de, kuhinjske krpe, \u010distilo, internet, su\u0161ilec za lase in kon\u010dno \u010di\u0161\u010denje. OPIS Bi pre\u017eiveli &hellip;<\/p>\n<p class=\"read-more\"> <a class=\"\" href=\"https:\/\/kmetija-samec.si\/en\/gnezdece\/\"> <span class=\"screen-reader-text\">Gnezdece<\/span> Read More &raquo;<\/a><\/p>","protected":false},"author":2,"featured_media":0,"parent":0,"menu_order":0,"comment_status":"closed","ping_status":"closed","template":"","meta":{"footnotes":""},"class_list":["post-558","page","type-page","status-publish","hentry"],"_links":{"self":[{"href":"https:\/\/kmetija-samec.si\/en\/wp-json\/wp\/v2\/pages\/558","targetHints":{"allow":["GET"]}}],"collection":[{"href":"https:\/\/kmetija-samec.si\/en\/wp-json\/wp\/v2\/pages"}],"about":[{"href":"https:\/\/kmetija-samec.si\/en\/wp-json\/wp\/v2\/types\/page"}],"author":[{"embeddable":true,"href":"https:\/\/kmetija-samec.si\/en\/wp-json\/wp\/v2\/users\/2"}],"replies":[{"embeddable":true,"href":"https:\/\/kmetija-samec.si\/en\/wp-json\/wp\/v2\/comments?post=558"}],"version-history":[{"count":15,"href":"https:\/\/kmetija-samec.si\/en\/wp-json\/wp\/v2\/pages\/558\/revisions"}],"predecessor-version":[{"id":825,"href":"https:\/\/kmetija-samec.si\/en\/wp-json\/wp\/v2\/pages\/558\/revisions\/825"}],"wp:attachment":[{"href":"https:\/\/kmetija-samec.si\/en\/wp-json\/wp\/v2\/media?parent=558"}],"curies":[{"name":"wp","href":"https:\/\/api.w.org\/{rel}","templated":true}]}}