{"id":550,"date":"2020-01-23T19:33:28","date_gmt":"2020-01-23T19:33:28","guid":{"rendered":"https:\/\/kmetija-samec.si\/?page_id=550"},"modified":"2025-03-17T17:29:39","modified_gmt":"2025-03-17T17:29:39","slug":"jespa-1","status":"publish","type":"page","link":"https:\/\/kmetija-samec.si\/en\/jespa-1\/","title":{"rendered":"Jespa 1"},"content":{"rendered":"<div data-elementor-type=\"wp-page\" data-elementor-id=\"550\" class=\"elementor elementor-550\" data-elementor-settings=\"[]\">\n\t\t\t<div class=\"elementor-inner\">\n\t\t\t\t<div class=\"elementor-section-wrap\">\n\t\t\t\t\t\t\t<section class=\"elementor-element elementor-element-2f76de00 elementor-section-boxed elementor-section-height-default elementor-section-height-default elementor-section elementor-top-section\" data-id=\"2f76de00\" data-element_type=\"section\">\n\t\t\t\t\t\t<div class=\"elementor-container elementor-column-gap-default\">\n\t\t\t\t<div class=\"elementor-row\">\n\t\t\t\t<div class=\"elementor-element elementor-element-159c07ea elementor-column elementor-col-100 elementor-top-column\" data-id=\"159c07ea\" data-element_type=\"column\">\n\t\t\t<div class=\"elementor-column-wrap  elementor-element-populated\">\n\t\t\t\t\t<div class=\"elementor-widget-wrap\">\n\t\t\t\t<div class=\"elementor-element elementor-element-c76733d elementor-widget elementor-widget-spacer\" data-id=\"c76733d\" data-element_type=\"widget\" data-widget_type=\"spacer.default\">\n\t\t\t\t<div class=\"elementor-widget-container\">\n\t\t\t\t\t<div class=\"elementor-spacer\">\n\t\t\t<div class=\"elementor-spacer-inner\"><\/div>\n\t\t<\/div>\n\t\t\t\t<\/div>\n\t\t\t\t<\/div>\n\t\t\t\t<div class=\"elementor-element elementor-element-504b428d elementor-widget elementor-widget-heading\" data-id=\"504b428d\" data-element_type=\"widget\" data-widget_type=\"heading.default\">\n\t\t\t\t<div class=\"elementor-widget-container\">\n\t\t\t<h2 class=\"elementor-heading-title elementor-size-default\">Jespa 1<\/h2>\t\t<\/div>\n\t\t\t\t<\/div>\n\t\t\t\t\t\t<\/div>\n\t\t\t<\/div>\n\t\t<\/div>\n\t\t\t\t\t\t<\/div>\n\t\t\t<\/div>\n\t\t<\/section>\n\t\t\t\t<section class=\"elementor-element elementor-element-104f434e elementor-section-boxed elementor-section-height-default elementor-section-height-default elementor-section elementor-top-section\" data-id=\"104f434e\" data-element_type=\"section\">\n\t\t\t\t\t\t<div class=\"elementor-container elementor-column-gap-default\">\n\t\t\t\t<div class=\"elementor-row\">\n\t\t\t\t<div class=\"elementor-element elementor-element-7cde0204 elementor-column elementor-col-100 elementor-top-column\" data-id=\"7cde0204\" data-element_type=\"column\">\n\t\t\t<div class=\"elementor-column-wrap  elementor-element-populated\">\n\t\t\t\t\t<div class=\"elementor-widget-wrap\">\n\t\t\t\t<section class=\"elementor-element elementor-element-684f2ebc elementor-section-boxed elementor-section-height-default elementor-section-height-default elementor-section elementor-inner-section\" data-id=\"684f2ebc\" data-element_type=\"section\">\n\t\t\t\t\t\t<div class=\"elementor-container elementor-column-gap-default\">\n\t\t\t\t<div class=\"elementor-row\">\n\t\t\t\t<div class=\"elementor-element elementor-element-5daf2408 elementor-column elementor-col-50 elementor-inner-column\" data-id=\"5daf2408\" data-element_type=\"column\">\n\t\t\t<div class=\"elementor-column-wrap  elementor-element-populated\">\n\t\t\t\t\t<div class=\"elementor-widget-wrap\">\n\t\t\t\t<div class=\"elementor-element elementor-element-7cc43b3e elementor-arrows-position-inside elementor-widget elementor-widget-image-carousel\" data-id=\"7cc43b3e\" data-element_type=\"widget\" data-settings=\"{&quot;slides_to_show&quot;:&quot;1&quot;,&quot;navigation&quot;:&quot;arrows&quot;,&quot;autoplay&quot;:&quot;yes&quot;,&quot;pause_on_hover&quot;:&quot;yes&quot;,&quot;pause_on_interaction&quot;:&quot;yes&quot;,&quot;autoplay_speed&quot;:5000,&quot;infinite&quot;:&quot;yes&quot;,&quot;effect&quot;:&quot;slide&quot;,&quot;speed&quot;:500,&quot;direction&quot;:&quot;ltr&quot;}\" data-widget_type=\"image-carousel.default\">\n\t\t\t\t<div class=\"elementor-widget-container\">\n\t\t\t\t\t<div class=\"elementor-image-carousel-wrapper swiper-container\" dir=\"ltr\">\n\t\t\t<div class=\"elementor-image-carousel swiper-wrapper\">\n\t\t\t\t<div class=\"swiper-slide\"><figure class=\"swiper-slide-inner\"><img decoding=\"async\" class=\"swiper-slide-image\" src=\"https:\/\/kmetija-samec.si\/wp-content\/uploads\/2020\/01\/79790572_616933752411658_1668545681544970240_n.jpg\" alt=\"79790572_616933752411658_1668545681544970240_n\" \/><\/figure><\/div><div class=\"swiper-slide\"><figure class=\"swiper-slide-inner\"><img decoding=\"async\" class=\"swiper-slide-image\" src=\"https:\/\/kmetija-samec.si\/wp-content\/uploads\/2020\/01\/79703472_2838662436154244_3082044767555551232_n.jpg\" alt=\"79703472_2838662436154244_3082044767555551232_n\" \/><\/figure><\/div><div class=\"swiper-slide\"><figure class=\"swiper-slide-inner\"><img decoding=\"async\" class=\"swiper-slide-image\" src=\"https:\/\/kmetija-samec.si\/wp-content\/uploads\/2020\/01\/80066946_604249910148858_1718291637739716608_n.jpg\" alt=\"80066946_604249910148858_1718291637739716608_n\" \/><\/figure><\/div><div class=\"swiper-slide\"><figure class=\"swiper-slide-inner\"><img decoding=\"async\" class=\"swiper-slide-image\" src=\"https:\/\/kmetija-samec.si\/wp-content\/uploads\/2020\/01\/80220127_538268720112004_1486664197495324672_n.jpg\" alt=\"80220127_538268720112004_1486664197495324672_n\" \/><\/figure><\/div><div class=\"swiper-slide\"><figure class=\"swiper-slide-inner\"><img decoding=\"async\" class=\"swiper-slide-image\" src=\"https:\/\/kmetija-samec.si\/wp-content\/uploads\/2020\/01\/80766399_454897208777778_5528025958272991232_n.jpg\" alt=\"80766399_454897208777778_5528025958272991232_n\" \/><\/figure><\/div><div class=\"swiper-slide\"><figure class=\"swiper-slide-inner\"><img decoding=\"async\" class=\"swiper-slide-image\" src=\"https:\/\/kmetija-samec.si\/wp-content\/uploads\/2020\/01\/80457198_1453930911436738_3854146142094753792_n.jpg\" alt=\"80457198_1453930911436738_3854146142094753792_n\" \/><\/figure><\/div>\t\t\t<\/div>\n\t\t\t\t\t\t\t\t\t\t\t\t\t\t\t\t<div class=\"elementor-swiper-button elementor-swiper-button-prev\">\n\t\t\t\t\t\t<i class=\"eicon-chevron-left\" aria-hidden=\"true\"><\/i>\n\t\t\t\t\t\t<span class=\"elementor-screen-only\">Previous<\/span>\n\t\t\t\t\t<\/div>\n\t\t\t\t\t<div class=\"elementor-swiper-button elementor-swiper-button-next\">\n\t\t\t\t\t\t<i class=\"eicon-chevron-right\" aria-hidden=\"true\"><\/i>\n\t\t\t\t\t\t<span class=\"elementor-screen-only\">Next<\/span>\n\t\t\t\t\t<\/div>\n\t\t\t\t\t\t\t\t\t<\/div>\n\t\t\t\t<\/div>\n\t\t\t\t<\/div>\n\t\t\t\t\t\t<\/div>\n\t\t\t<\/div>\n\t\t<\/div>\n\t\t\t\t<div class=\"elementor-element elementor-element-694be7af elementor-column elementor-col-50 elementor-inner-column\" data-id=\"694be7af\" data-element_type=\"column\" data-settings=\"{&quot;background_background&quot;:&quot;classic&quot;}\">\n\t\t\t<div class=\"elementor-column-wrap  elementor-element-populated\">\n\t\t\t\t\t<div class=\"elementor-widget-wrap\">\n\t\t\t\t<div class=\"elementor-element elementor-element-5840866e elementor-widget elementor-widget-heading\" data-id=\"5840866e\" data-element_type=\"widget\" data-widget_type=\"heading.default\">\n\t\t\t\t<div class=\"elementor-widget-container\">\n\t\t\t<h3 class=\"elementor-heading-title elementor-size-default\">PRICE LIST<\/h3>\t\t<\/div>\n\t\t\t\t<\/div>\n\t\t\t\t<div class=\"elementor-element elementor-element-12e45a38 elementor-widget elementor-widget-text-editor\" data-id=\"12e45a38\" data-element_type=\"widget\" data-widget_type=\"text-editor.default\">\n\t\t\t\t<div class=\"elementor-widget-container\">\n\t\t\t\t\t<div class=\"elementor-text-editor elementor-clearfix\"><ul><li>PER NIGHT FOR ONE OR TWO PERSONS: <strong>67<\/strong><strong>\u00a0\u20ac<\/strong><\/li><li>PER NIGHT FOR THREE PEOPLE: <strong>72<\/strong><strong>\u00a0\u20ac<\/strong><\/li><li>PER NIGHT FOR A GROUP OF FOUR: <strong>77<\/strong><strong>\u00a0\u20ac<\/strong><\/li><li>PER NIGHT FOR A GROUP OF FIVE: <strong>82<\/strong><strong>\u00a0\u20ac<\/strong><\/li><li>PER NIGHT FOR A GROUP OF SIX: <strong>87<\/strong><strong>\u00a0\u20ac<\/strong><\/li><li>PETS: <strong>10\u00a0\u20ac<\/strong><\/li><li>A TOURIST TAX: <strong>1,50 \u20ac<\/strong><\/li><li>NAJEM APARTMAJA SAMO ZA ENO NO\u010cITEV SE CENA NO\u010cITVE POVE\u010cA ZA <strong>25\u00a0\u20ac<\/strong><\/li><\/ul><\/div>\n\t\t\t\t<\/div>\n\t\t\t\t<\/div>\n\t\t\t\t<div class=\"elementor-element elementor-element-6e423652 elementor-widget elementor-widget-text-editor\" data-id=\"6e423652\" data-element_type=\"widget\" data-widget_type=\"text-editor.default\">\n\t\t\t\t<div class=\"elementor-widget-container\">\n\t\t\t\t\t<div class=\"elementor-text-editor elementor-clearfix\"><p><em>V ceni najema so posteljnina, brisa\u010de, kuhinjske krpe, \u010distila, su\u0161ilec za lase, internet, enkratno brezpla\u010dno 2 urno kori\u0161\u010denje savne in kon\u010dno \u010di\u0161\u010denje.<\/em><\/p>\n<p><em>*dodatno savnanje po naro\u010dilu 30,00 EUR (2 uri)*<\/em><\/p><\/div>\n\t\t\t\t<\/div>\n\t\t\t\t<\/div>\n\t\t\t\t\t\t<\/div>\n\t\t\t<\/div>\n\t\t<\/div>\n\t\t\t\t\t\t<\/div>\n\t\t\t<\/div>\n\t\t<\/section>\n\t\t\t\t<section class=\"elementor-element elementor-element-2d6f9595 elementor-section-boxed elementor-section-height-default elementor-section-height-default elementor-section elementor-inner-section\" data-id=\"2d6f9595\" data-element_type=\"section\">\n\t\t\t\t\t\t<div class=\"elementor-container elementor-column-gap-default\">\n\t\t\t\t<div class=\"elementor-row\">\n\t\t\t\t<div class=\"elementor-element elementor-element-41cb19a2 elementor-column elementor-col-100 elementor-inner-column\" data-id=\"41cb19a2\" data-element_type=\"column\" data-settings=\"{&quot;background_background&quot;:&quot;classic&quot;}\">\n\t\t\t<div class=\"elementor-column-wrap  elementor-element-populated\">\n\t\t\t\t\t<div class=\"elementor-widget-wrap\">\n\t\t\t\t<div class=\"elementor-element elementor-element-ea4e454 elementor-widget elementor-widget-heading\" data-id=\"ea4e454\" data-element_type=\"widget\" data-widget_type=\"heading.default\">\n\t\t\t\t<div class=\"elementor-widget-container\">\n\t\t\t<h3 class=\"elementor-heading-title elementor-size-default\">DESCRIPTION<\/h3>\t\t<\/div>\n\t\t\t\t<\/div>\n\t\t\t\t<div class=\"elementor-element elementor-element-58b2d3a elementor-widget elementor-widget-text-editor\" data-id=\"58b2d3a\" data-element_type=\"widget\" data-widget_type=\"text-editor.default\">\n\t\t\t\t<div class=\"elementor-widget-container\">\n\t\t\t\t\t<div class=\"elementor-text-editor elementor-clearfix\"><p>Modern furnished apartment for 6 persons, size 70 m2 . The apartment offers you two bedrooms, a bathroom, a kitchen with a dining area, a spacious living room with a sofa bed and a balcony with a view.<\/p><\/div>\n\t\t\t\t<\/div>\n\t\t\t\t<\/div>\n\t\t\t\t\t\t<\/div>\n\t\t\t<\/div>\n\t\t<\/div>\n\t\t\t\t\t\t<\/div>\n\t\t\t<\/div>\n\t\t<\/section>\n\t\t\t\t\t\t<\/div>\n\t\t\t<\/div>\n\t\t<\/div>\n\t\t\t\t\t\t<\/div>\n\t\t\t<\/div>\n\t\t<\/section>\n\t\t\t\t<section class=\"elementor-element elementor-element-c2c6e46 elementor-section-boxed elementor-section-height-default elementor-section-height-default elementor-section elementor-top-section\" data-id=\"c2c6e46\" data-element_type=\"section\">\n\t\t\t\t\t\t<div class=\"elementor-container elementor-column-gap-default\">\n\t\t\t\t<div class=\"elementor-row\">\n\t\t\t\t<div class=\"elementor-element elementor-element-377edc9f elementor-column elementor-col-100 elementor-top-column\" data-id=\"377edc9f\" data-element_type=\"column\">\n\t\t\t<div class=\"elementor-column-wrap  elementor-element-populated\">\n\t\t\t\t\t<div class=\"elementor-widget-wrap\">\n\t\t\t\t<div class=\"elementor-element elementor-element-68451c84 elementor-widget elementor-widget-spacer\" data-id=\"68451c84\" data-element_type=\"widget\" data-widget_type=\"spacer.default\">\n\t\t\t\t<div class=\"elementor-widget-container\">\n\t\t\t\t\t<div class=\"elementor-spacer\">\n\t\t\t<div class=\"elementor-spacer-inner\"><\/div>\n\t\t<\/div>\n\t\t\t\t<\/div>\n\t\t\t\t<\/div>\n\t\t\t\t\t\t<\/div>\n\t\t\t<\/div>\n\t\t<\/div>\n\t\t\t\t\t\t<\/div>\n\t\t\t<\/div>\n\t\t<\/section>\n\t\t\t\t\t\t<\/div>\n\t\t\t<\/div>\n\t\t<\/div>","protected":false},"excerpt":{"rendered":"<p>Jespa 1 Previous Next CENIK ENA NO\u010cITEV ZA ENO ALI DVE OSEBI: 67\u00a0\u20ac ENA NO\u010cITEV ZA TRI OSEBE: 72\u00a0\u20ac ENA NO\u010cITEV ZA \u0160TIRI OSEBE: 77\u00a0\u20ac ENA NO\u010cITEV ZA PET OSEB: 82\u00a0\u20ac ENA NO\u010cITEV ZA \u0160EST OSEB: 87\u00a0\u20ac HI\u0160NI LJUBLJEN\u010cKI: 10\u00a0\u20ac TURISTI\u010cNA TAKSA: 1,50 \u20ac NAJEM APARTMAJA SAMO ZA ENO NO\u010cITEV SE CENA NO\u010cITVE POVE\u010cA ZA &hellip;<\/p>\n<p class=\"read-more\"> <a class=\"\" href=\"https:\/\/kmetija-samec.si\/en\/jespa-1\/\"> <span class=\"screen-reader-text\">Jespa 1<\/span> Read More &raquo;<\/a><\/p>","protected":false},"author":2,"featured_media":0,"parent":0,"menu_order":0,"comment_status":"closed","ping_status":"closed","template":"","meta":{"footnotes":""},"class_list":["post-550","page","type-page","status-publish","hentry"],"_links":{"self":[{"href":"https:\/\/kmetija-samec.si\/en\/wp-json\/wp\/v2\/pages\/550","targetHints":{"allow":["GET"]}}],"collection":[{"href":"https:\/\/kmetija-samec.si\/en\/wp-json\/wp\/v2\/pages"}],"about":[{"href":"https:\/\/kmetija-samec.si\/en\/wp-json\/wp\/v2\/types\/page"}],"author":[{"embeddable":true,"href":"https:\/\/kmetija-samec.si\/en\/wp-json\/wp\/v2\/users\/2"}],"replies":[{"embeddable":true,"href":"https:\/\/kmetija-samec.si\/en\/wp-json\/wp\/v2\/comments?post=550"}],"version-history":[{"count":17,"href":"https:\/\/kmetija-samec.si\/en\/wp-json\/wp\/v2\/pages\/550\/revisions"}],"predecessor-version":[{"id":832,"href":"https:\/\/kmetija-samec.si\/en\/wp-json\/wp\/v2\/pages\/550\/revisions\/832"}],"wp:attachment":[{"href":"https:\/\/kmetija-samec.si\/en\/wp-json\/wp\/v2\/media?parent=550"}],"curies":[{"name":"wp","href":"https:\/\/api.w.org\/{rel}","templated":true}]}}