{"id":515,"date":"2020-01-23T18:03:45","date_gmt":"2020-01-23T18:03:45","guid":{"rendered":"https:\/\/kmetija-samec.si\/?page_id=515"},"modified":"2025-03-17T17:27:59","modified_gmt":"2025-03-17T17:27:59","slug":"elementor-515","status":"publish","type":"page","link":"https:\/\/kmetija-samec.si\/en\/elementor-515\/","title":{"rendered":"Kasca"},"content":{"rendered":"<div data-elementor-type=\"wp-page\" data-elementor-id=\"515\" class=\"elementor elementor-515\" data-elementor-settings=\"[]\">\n\t\t\t<div class=\"elementor-inner\">\n\t\t\t\t<div class=\"elementor-section-wrap\">\n\t\t\t\t\t\t\t<section class=\"elementor-element elementor-element-b309fa2 elementor-section-boxed elementor-section-height-default elementor-section-height-default elementor-section elementor-top-section\" data-id=\"b309fa2\" data-element_type=\"section\">\n\t\t\t\t\t\t<div class=\"elementor-container elementor-column-gap-default\">\n\t\t\t\t<div class=\"elementor-row\">\n\t\t\t\t<div class=\"elementor-element elementor-element-015507f elementor-column elementor-col-100 elementor-top-column\" data-id=\"015507f\" data-element_type=\"column\">\n\t\t\t<div class=\"elementor-column-wrap  elementor-element-populated\">\n\t\t\t\t\t<div class=\"elementor-widget-wrap\">\n\t\t\t\t<div class=\"elementor-element elementor-element-3695756 elementor-widget elementor-widget-spacer\" data-id=\"3695756\" data-element_type=\"widget\" data-widget_type=\"spacer.default\">\n\t\t\t\t<div class=\"elementor-widget-container\">\n\t\t\t\t\t<div class=\"elementor-spacer\">\n\t\t\t<div class=\"elementor-spacer-inner\"><\/div>\n\t\t<\/div>\n\t\t\t\t<\/div>\n\t\t\t\t<\/div>\n\t\t\t\t<div class=\"elementor-element elementor-element-ef8632b elementor-widget elementor-widget-heading\" data-id=\"ef8632b\" data-element_type=\"widget\" data-widget_type=\"heading.default\">\n\t\t\t\t<div class=\"elementor-widget-container\">\n\t\t\t<h2 class=\"elementor-heading-title elementor-size-default\">Ka\u0161\u010da<\/h2>\t\t<\/div>\n\t\t\t\t<\/div>\n\t\t\t\t\t\t<\/div>\n\t\t\t<\/div>\n\t\t<\/div>\n\t\t\t\t\t\t<\/div>\n\t\t\t<\/div>\n\t\t<\/section>\n\t\t\t\t<section class=\"elementor-element elementor-element-b49f40f elementor-section-boxed elementor-section-height-default elementor-section-height-default elementor-section elementor-top-section\" data-id=\"b49f40f\" data-element_type=\"section\">\n\t\t\t\t\t\t<div class=\"elementor-container elementor-column-gap-default\">\n\t\t\t\t<div class=\"elementor-row\">\n\t\t\t\t<div class=\"elementor-element elementor-element-fe7beaf elementor-column elementor-col-100 elementor-top-column\" data-id=\"fe7beaf\" data-element_type=\"column\">\n\t\t\t<div class=\"elementor-column-wrap  elementor-element-populated\">\n\t\t\t\t\t<div class=\"elementor-widget-wrap\">\n\t\t\t\t<section class=\"elementor-element elementor-element-bdcce7e elementor-section-boxed elementor-section-height-default elementor-section-height-default elementor-section elementor-inner-section\" data-id=\"bdcce7e\" data-element_type=\"section\">\n\t\t\t\t\t\t<div class=\"elementor-container elementor-column-gap-default\">\n\t\t\t\t<div class=\"elementor-row\">\n\t\t\t\t<div class=\"elementor-element elementor-element-7373be6 elementor-column elementor-col-50 elementor-inner-column\" data-id=\"7373be6\" data-element_type=\"column\">\n\t\t\t<div class=\"elementor-column-wrap  elementor-element-populated\">\n\t\t\t\t\t<div class=\"elementor-widget-wrap\">\n\t\t\t\t<div class=\"elementor-element elementor-element-9c13cc4 elementor-arrows-position-inside elementor-widget elementor-widget-image-carousel\" data-id=\"9c13cc4\" data-element_type=\"widget\" data-settings=\"{&quot;slides_to_show&quot;:&quot;1&quot;,&quot;navigation&quot;:&quot;arrows&quot;,&quot;autoplay&quot;:&quot;yes&quot;,&quot;pause_on_hover&quot;:&quot;yes&quot;,&quot;pause_on_interaction&quot;:&quot;yes&quot;,&quot;autoplay_speed&quot;:5000,&quot;infinite&quot;:&quot;yes&quot;,&quot;effect&quot;:&quot;slide&quot;,&quot;speed&quot;:500,&quot;direction&quot;:&quot;ltr&quot;}\" data-widget_type=\"image-carousel.default\">\n\t\t\t\t<div class=\"elementor-widget-container\">\n\t\t\t\t\t<div class=\"elementor-image-carousel-wrapper swiper-container\" dir=\"ltr\">\n\t\t\t<div class=\"elementor-image-carousel swiper-wrapper\">\n\t\t\t\t<div class=\"swiper-slide\"><figure class=\"swiper-slide-inner\"><img decoding=\"async\" class=\"swiper-slide-image\" src=\"https:\/\/kmetija-samec.si\/wp-content\/uploads\/2020\/01\/80782379_2429932370591978_803842059029970944_n.jpg\" alt=\"80782379_2429932370591978_803842059029970944_n\" \/><\/figure><\/div><div class=\"swiper-slide\"><figure class=\"swiper-slide-inner\"><img decoding=\"async\" class=\"swiper-slide-image\" src=\"https:\/\/kmetija-samec.si\/wp-content\/uploads\/2020\/01\/81188357_823235308096938_1516696021873197056_n.jpg\" alt=\"81188357_823235308096938_1516696021873197056_n\" \/><\/figure><\/div><div class=\"swiper-slide\"><figure class=\"swiper-slide-inner\"><img decoding=\"async\" class=\"swiper-slide-image\" src=\"https:\/\/kmetija-samec.si\/wp-content\/uploads\/2020\/01\/79829246_497888157503832_1271829800205418496_n.jpg\" alt=\"79829246_497888157503832_1271829800205418496_n\" \/><\/figure><\/div><div class=\"swiper-slide\"><figure class=\"swiper-slide-inner\"><img decoding=\"async\" class=\"swiper-slide-image\" src=\"https:\/\/kmetija-samec.si\/wp-content\/uploads\/2020\/01\/79687168_2384303788500413_838417447705903104_n.jpg\" alt=\"79687168_2384303788500413_838417447705903104_n\" \/><\/figure><\/div><div class=\"swiper-slide\"><figure class=\"swiper-slide-inner\"><img decoding=\"async\" class=\"swiper-slide-image\" src=\"https:\/\/kmetija-samec.si\/wp-content\/uploads\/2020\/01\/79995824_762628690932225_1615800708601217024_n.jpg\" alt=\"79995824_762628690932225_1615800708601217024_n\" \/><\/figure><\/div>\t\t\t<\/div>\n\t\t\t\t\t\t\t\t\t\t\t\t\t\t\t\t<div class=\"elementor-swiper-button elementor-swiper-button-prev\">\n\t\t\t\t\t\t<i class=\"eicon-chevron-left\" aria-hidden=\"true\"><\/i>\n\t\t\t\t\t\t<span class=\"elementor-screen-only\">Previous<\/span>\n\t\t\t\t\t<\/div>\n\t\t\t\t\t<div class=\"elementor-swiper-button elementor-swiper-button-next\">\n\t\t\t\t\t\t<i class=\"eicon-chevron-right\" aria-hidden=\"true\"><\/i>\n\t\t\t\t\t\t<span class=\"elementor-screen-only\">Next<\/span>\n\t\t\t\t\t<\/div>\n\t\t\t\t\t\t\t\t\t<\/div>\n\t\t\t\t<\/div>\n\t\t\t\t<\/div>\n\t\t\t\t\t\t<\/div>\n\t\t\t<\/div>\n\t\t<\/div>\n\t\t\t\t<div class=\"elementor-element elementor-element-cf52800 elementor-column elementor-col-50 elementor-inner-column\" data-id=\"cf52800\" data-element_type=\"column\" data-settings=\"{&quot;background_background&quot;:&quot;classic&quot;}\">\n\t\t\t<div class=\"elementor-column-wrap  elementor-element-populated\">\n\t\t\t\t\t<div class=\"elementor-widget-wrap\">\n\t\t\t\t<div class=\"elementor-element elementor-element-3f49d74 elementor-widget elementor-widget-heading\" data-id=\"3f49d74\" data-element_type=\"widget\" data-widget_type=\"heading.default\">\n\t\t\t\t<div class=\"elementor-widget-container\">\n\t\t\t<h3 class=\"elementor-heading-title elementor-size-default\">PRICE LIST<\/h3>\t\t<\/div>\n\t\t\t\t<\/div>\n\t\t\t\t<div class=\"elementor-element elementor-element-c7840b7 elementor-widget elementor-widget-text-editor\" data-id=\"c7840b7\" data-element_type=\"widget\" data-widget_type=\"text-editor.default\">\n\t\t\t\t<div class=\"elementor-widget-container\">\n\t\t\t\t\t<div class=\"elementor-text-editor elementor-clearfix\"><ul><li>PER NIGHT FOR ONE OR TWO PERSONS: <strong>80<\/strong><strong>\u00a0\u20ac<\/strong><\/li><li>PER NIGHT FOR THREE PEOPLE: <strong>90<\/strong><strong>\u00a0\u20ac<\/strong><\/li><li>PER NIGHT FOR A GROUP OF FOUR: <strong>100 \u20ac<\/strong><\/li><li>PER NIGHT FOR A GROUP OF FIVE: <strong>120 \u20ac<\/strong><\/li><li>PER NIGHT FOR A GROUP OF SIX: <strong>130 \u20ac<\/strong><\/li><li>PETS: <strong>10\u00a0\u20ac<\/strong><\/li><li>A TOURIST TAX: <strong>1,50 \u20ac<\/strong><\/li><li>THE USE OF SAUNA IS INCLUDED IN THE PRICE<\/li><\/ul><\/div>\n\t\t\t\t<\/div>\n\t\t\t\t<\/div>\n\t\t\t\t<div class=\"elementor-element elementor-element-3a20a8e elementor-widget elementor-widget-text-editor\" data-id=\"3a20a8e\" data-element_type=\"widget\" data-widget_type=\"text-editor.default\">\n\t\t\t\t<div class=\"elementor-widget-container\">\n\t\t\t\t\t<div class=\"elementor-text-editor elementor-clearfix\"><p><em>V ceni najema so posteljnina, brisa\u010de, kuhinjske krpe, \u010distilo, su\u0161ilec za lase, internet in kon\u010dno \u010di\u0161\u010denje.<\/em><\/p><\/div>\n\t\t\t\t<\/div>\n\t\t\t\t<\/div>\n\t\t\t\t\t\t<\/div>\n\t\t\t<\/div>\n\t\t<\/div>\n\t\t\t\t\t\t<\/div>\n\t\t\t<\/div>\n\t\t<\/section>\n\t\t\t\t<section class=\"elementor-element elementor-element-1f6b2fe elementor-section-boxed elementor-section-height-default elementor-section-height-default elementor-section elementor-inner-section\" data-id=\"1f6b2fe\" data-element_type=\"section\">\n\t\t\t\t\t\t<div class=\"elementor-container elementor-column-gap-default\">\n\t\t\t\t<div class=\"elementor-row\">\n\t\t\t\t<div class=\"elementor-element elementor-element-31e2730 elementor-column elementor-col-100 elementor-inner-column\" data-id=\"31e2730\" data-element_type=\"column\" data-settings=\"{&quot;background_background&quot;:&quot;classic&quot;}\">\n\t\t\t<div class=\"elementor-column-wrap  elementor-element-populated\">\n\t\t\t\t\t<div class=\"elementor-widget-wrap\">\n\t\t\t\t<div class=\"elementor-element elementor-element-a3a6516 elementor-widget elementor-widget-heading\" data-id=\"a3a6516\" data-element_type=\"widget\" data-widget_type=\"heading.default\">\n\t\t\t\t<div class=\"elementor-widget-container\">\n\t\t\t<h3 class=\"elementor-heading-title elementor-size-default\">DESCRIPTION<\/h3>\t\t<\/div>\n\t\t\t\t<\/div>\n\t\t\t\t<div class=\"elementor-element elementor-element-f8bd10f elementor-widget elementor-widget-text-editor\" data-id=\"f8bd10f\" data-element_type=\"widget\" data-widget_type=\"text-editor.default\">\n\t\t\t\t<div class=\"elementor-widget-container\">\n\t\t\t\t\t<div class=\"elementor-text-editor elementor-clearfix\"><p>The Samec granary is <strong>one of the very few in Slovenia to have remained to this day<\/strong>. In the past, such cabins were used to store grain, dried fruits and walnuts with a\nfew pieces of smoked meat or sausages hanging from the ceiling as a Sunday's treat.<\/p><p>Today, the former granary is <strong>a modern, fully equipped holiday house, sleeping either one single person or as many as six people.<\/strong>It boasts <strong>two bedrooms, a\nbathroom, kitchen and a spacious living room with two balconies as well as a\nluxury sauna<\/strong>. The sheer size of the apartment <strong>is a synonym for comfort and quality<\/strong>, leaving nothing to be desired. Receiving guests from all over the world, Ka\u0161\u010da\nis the place to be\u2014the perfect way to relax, reconnect, recharge your batteries and\nexperience something ultimately different. <strong><\/strong>.<\/p><\/div>\n\t\t\t\t<\/div>\n\t\t\t\t<\/div>\n\t\t\t\t\t\t<\/div>\n\t\t\t<\/div>\n\t\t<\/div>\n\t\t\t\t\t\t<\/div>\n\t\t\t<\/div>\n\t\t<\/section>\n\t\t\t\t\t\t<\/div>\n\t\t\t<\/div>\n\t\t<\/div>\n\t\t\t\t\t\t<\/div>\n\t\t\t<\/div>\n\t\t<\/section>\n\t\t\t\t<section class=\"elementor-element elementor-element-ecd08fe elementor-section-boxed elementor-section-height-default elementor-section-height-default elementor-section elementor-top-section\" data-id=\"ecd08fe\" data-element_type=\"section\">\n\t\t\t\t\t\t<div class=\"elementor-container elementor-column-gap-default\">\n\t\t\t\t<div class=\"elementor-row\">\n\t\t\t\t<div class=\"elementor-element elementor-element-2af8d37 elementor-column elementor-col-100 elementor-top-column\" data-id=\"2af8d37\" data-element_type=\"column\">\n\t\t\t<div class=\"elementor-column-wrap  elementor-element-populated\">\n\t\t\t\t\t<div class=\"elementor-widget-wrap\">\n\t\t\t\t<div class=\"elementor-element elementor-element-f7abb86 elementor-widget elementor-widget-spacer\" data-id=\"f7abb86\" data-element_type=\"widget\" data-widget_type=\"spacer.default\">\n\t\t\t\t<div class=\"elementor-widget-container\">\n\t\t\t\t\t<div class=\"elementor-spacer\">\n\t\t\t<div class=\"elementor-spacer-inner\"><\/div>\n\t\t<\/div>\n\t\t\t\t<\/div>\n\t\t\t\t<\/div>\n\t\t\t\t\t\t<\/div>\n\t\t\t<\/div>\n\t\t<\/div>\n\t\t\t\t\t\t<\/div>\n\t\t\t<\/div>\n\t\t<\/section>\n\t\t\t\t\t\t<\/div>\n\t\t\t<\/div>\n\t\t<\/div>","protected":false},"excerpt":{"rendered":"<p>Ka\u0161\u010da Previous Next CENIK ENA NO\u010cITEV ZA ENO ALI DVE OSEBI: 80\u00a0\u20ac ENA NO\u010cITEV ZA TRI OSEBE: 90\u00a0\u20ac ENA NO\u010cITEV ZA \u0160TIRI OSEBE: 100 \u20ac ENA NO\u010cITEV ZA PET OSEB: 120 \u20ac ENA NO\u010cITEV ZA \u0160EST OSEB: 130 \u20ac HI\u0160NI LJUBLJEN\u010cKI: 10\u00a0\u20ac TURISTI\u010cNA TAKSA: 1,50 \u20ac KORI\u0160\u010cENJE SAVNE V CENI NO\u010cITVE V ceni najema so &hellip;<\/p>\n<p class=\"read-more\"> <a class=\"\" href=\"https:\/\/kmetija-samec.si\/en\/elementor-515\/\"> <span class=\"screen-reader-text\">Kasca<\/span> Read More &raquo;<\/a><\/p>","protected":false},"author":2,"featured_media":0,"parent":0,"menu_order":0,"comment_status":"closed","ping_status":"closed","template":"","meta":{"footnotes":""},"class_list":["post-515","page","type-page","status-publish","hentry"],"_links":{"self":[{"href":"https:\/\/kmetija-samec.si\/en\/wp-json\/wp\/v2\/pages\/515","targetHints":{"allow":["GET"]}}],"collection":[{"href":"https:\/\/kmetija-samec.si\/en\/wp-json\/wp\/v2\/pages"}],"about":[{"href":"https:\/\/kmetija-samec.si\/en\/wp-json\/wp\/v2\/types\/page"}],"author":[{"embeddable":true,"href":"https:\/\/kmetija-samec.si\/en\/wp-json\/wp\/v2\/users\/2"}],"replies":[{"embeddable":true,"href":"https:\/\/kmetija-samec.si\/en\/wp-json\/wp\/v2\/comments?post=515"}],"version-history":[{"count":54,"href":"https:\/\/kmetija-samec.si\/en\/wp-json\/wp\/v2\/pages\/515\/revisions"}],"predecessor-version":[{"id":831,"href":"https:\/\/kmetija-samec.si\/en\/wp-json\/wp\/v2\/pages\/515\/revisions\/831"}],"wp:attachment":[{"href":"https:\/\/kmetija-samec.si\/en\/wp-json\/wp\/v2\/media?parent=515"}],"curies":[{"name":"wp","href":"https:\/\/api.w.org\/{rel}","templated":true}]}}